{"id":5276,"date":"2025-03-16T19:47:45","date_gmt":"2025-03-16T18:47:45","guid":{"rendered":"https:\/\/ampaindustrial.org\/inscripcions\/?page_id=5276"},"modified":"2025-09-03T13:12:02","modified_gmt":"2025-09-03T11:12:02","slug":"quota-de-soci-i-consignes","status":"publish","type":"page","link":"https:\/\/ampaindustrial.org\/inscripcions\/","title":{"rendered":"Quota de soci i Consignes"},"content":{"rendered":"<div class=\"wp-block-uagb-container uagb-block-35459231 alignfull uagb-is-root-container\"><div class=\"uagb-container-inner-blocks-wrap\"><\/div><\/div><p><\/p><p class=\"has-text-align-center\"><strong>Des d\u2019aquesta p\u00e0gina pots fer-te soci de l\u2019AFA i gestionar el lloguer de consignes de manera f\u00e0cil i r\u00e0pida.<\/strong><\/p><div class=\"wp-block-columns is-layout-flex wp-container-core-columns-is-layout-2 wp-block-columns-is-layout-flex\"><div class=\"wp-block-column is-layout-flow wp-block-column-is-layout-flow\"><div class=\"wp-block-columns is-layout-flex wp-container-core-columns-is-layout-1 wp-block-columns-is-layout-flex\"><div class=\"wp-block-column is-layout-flow wp-block-column-is-layout-flow\"><figure class=\"wp-block-image aligncenter size-full is-resized\"><a href=\"https:\/\/ampaindustrial.org\/inscripcions\/wp-content\/uploads\/2016\/04\/QuotaTaquilles.jpg\"><img loading=\"lazy\" decoding=\"async\" width=\"298\" height=\"667\" src=\"https:\/\/ampaindustrial.org\/inscripcions\/wp-content\/uploads\/2016\/04\/QuotaTaquilles.jpg\" alt=\"\" class=\"wp-image-5501\" style=\"width:453px;height:auto\" srcset=\"https:\/\/ampaindustrial.org\/inscripcions\/wp-content\/uploads\/2016\/04\/QuotaTaquilles.jpg 298w, https:\/\/ampaindustrial.org\/inscripcions\/wp-content\/uploads\/2016\/04\/QuotaTaquilles-134x300.jpg 134w\" sizes=\"auto, (max-width: 298px) 100vw, 298px\" \/><\/a><\/figure><\/div>\n\n<div class=\"wp-block-column is-layout-flow wp-block-column-is-layout-flow\"><p style=\"border-style:none;border-width:0px;margin-right:0;margin-left:0\"><strong>Qu\u00e8 cal saber per llogar una consigna?<\/strong><\/p>\n\n<ul class=\"wp-block-list\"><li style=\"margin-right:var(--wp--preset--spacing--40);margin-left:var(--wp--preset--spacing--40)\">Per poder llogar una consigna cal ser<strong>&nbsp;socis de l\u2019AFA<\/strong><\/li>\n\n<li style=\"margin-right:var(--wp--preset--spacing--40);margin-left:var(--wp--preset--spacing--40)\">La quota de soci de l\u2019AFA \u00e9s de&nbsp;<strong>25\u20ac per fam\u00edlia<\/strong> a l&#8217;any.<\/li>\n\n<li style=\"margin-right:var(--wp--preset--spacing--40);margin-left:var(--wp--preset--spacing--40)\">El lloguer de la consigna costa&nbsp;<strong>26\u20ac per unitat<\/strong> a l&#8217;any.<\/li>\n\n<li style=\"margin-right:var(--wp--preset--spacing--40);margin-left:var(--wp--preset--spacing--40)\">Es poden llogar fins a 4 consignes en una mateixa comanda.<\/li>\n\n<li style=\"margin-right:var(--wp--preset--spacing--40);margin-left:var(--wp--preset--spacing--40)\">Si un cop finalitzada la primera comanda, vols llogar m\u00e9s consignes, <a href=\"https:\/\/www.ampaindustrial.org\/contacte\/\" data-type=\"link\" data-id=\"https:\/\/www.ampaindustrial.org\/contacte\/\">contacta amb l&#8217;AFA<\/a>, per tal que no se&#8217;t cobri de nou la quota de l&#8217;AFA.<\/li>\n\n<li style=\"margin-right:var(--wp--preset--spacing--40);margin-left:var(--wp--preset--spacing--40)\">No es retornar\u00e0 l\u2019import de la consigna excepte en el cas d\u2019un canvi de centre durant el mes de setembre.&nbsp;<\/li>\n\n<li class=\"has-text-color has-link-color wp-elements-d593f596df4e03d5cf215584faa31c64\" style=\"color:#3d9034;margin-right:var(--wp--preset--spacing--40);margin-left:var(--wp--preset--spacing--40)\"><strong>Recordeu que l\u2019assignaci\u00f3 de les consignes la gestiona&nbsp;l\u2019AFA de manera volunt\u00e0ria.<\/strong><\/li><\/ul>\n\n<p><strong>Com es paga?<\/strong><\/p>\n\n<ul class=\"wp-block-list\"><li style=\"margin-right:var(--wp--preset--spacing--40);margin-left:var(--wp--preset--spacing--40)\">El pagament es fa&nbsp;<strong>online<\/strong>&nbsp;amb&nbsp;<strong>targeta de cr\u00e8dit o d\u00e8bit<\/strong>.<\/li>\n\n<li style=\"margin-right:var(--wp--preset--spacing--40);margin-left:var(--wp--preset--spacing--40)\"><strong>No s\u2019accepten transfer\u00e8ncies banc\u00e0ries.<\/strong><\/li><\/ul>\n\n<p><strong>Quan es rebr\u00e0 l\u2019assignaci\u00f3 de la consigna?<\/strong><\/p>\n\n<ul class=\"wp-block-list\"><li style=\"margin-right:var(--wp--preset--spacing--40);margin-left:var(--wp--preset--spacing--40)\">El per\u00edode per demanar les consignes \u00e9s des del dia 2 de juny fins al 31 d&#8217;agost de 2025.<\/li>\n\n<li style=\"margin-right:var(--wp--preset--spacing--40);margin-left:var(--wp--preset--spacing--40)\">L\u2019assignaci\u00f3 de les consignes va en funci\u00f3 de l\u2019altura del vostre fill\/a. per aquest motiu us demanarem aquesta informaci\u00f3 en fer la comanda.<\/li>\n\n<li style=\"margin-right:var(--wp--preset--spacing--40);margin-left:var(--wp--preset--spacing--40)\">Abans del dia 7 de setembre rebreu un correu electr\u00f2nic amb&nbsp;la consigna assignada i la combinaci\u00f3 per accedir-hi.<\/li>\n\n<li style=\"margin-right:var(--wp--preset--spacing--40);margin-left:var(--wp--preset--spacing--40)\">Si feu la comanda&nbsp;<strong>a partir del 7 de setembre<\/strong>, us donarem el n\u00famero i la combinaci\u00f3&nbsp;<strong>en uns 15 dies aproximadament<\/strong>.<\/li><\/ul>\n\n<p><strong>A qui dirigir-se en cas de incid\u00e8ncia?<\/strong><\/p>\n\n<ul class=\"wp-block-list\"><li style=\"margin-right:var(--wp--preset--spacing--40);margin-left:var(--wp--preset--spacing--40)\"><a href=\"mailto:consignes@ampaindustrial.org\">consignes@ampaindustrial.org<\/a> (per errors, canvis respecte a la sol\u00b7licitud inicial, errors en l\u2019assignaci\u00f3 del codi d\u2019obertura, etc.)&nbsp;.<\/li>\n\n<li style=\"margin-right:var(--wp--preset--spacing--40);margin-left:var(--wp--preset--spacing--40)\">Consergeria a partir de les 14:00h (per incid\u00e8ncies t\u00e8cniques, avaries,\u2026)&nbsp;.<\/li>\n\n<li style=\"margin-right:var(--wp--preset--spacing--40);margin-left:var(--wp--preset--spacing--40)\">B\u00fastia de l\u2019AFA (al vest\u00edbul de l\u2019institut).<\/li><\/ul><\/div><\/div><\/div><\/div><div class=\"wp-block-buttons is-content-justification-center is-layout-flex wp-container-core-buttons-is-layout-1 wp-block-buttons-is-layout-flex\"><div class=\"wp-block-button\"><a class=\"wp-block-button__link wp-element-button\" href=\"https:\/\/ampaindustrial.org\/inscripcions\/producte\/quota-anual-de-soci\/\">comprar<\/a><\/div><\/div><p class=\"has-text-align-center\"><\/p><p class=\"has-text-align-center\"><\/p><p><\/p>","protected":false},"excerpt":{"rendered":"<p>Des d\u2019aquesta p\u00e0gina pots fer-te soci de l\u2019AFA i gestionar el lloguer de consignes de manera f\u00e0cil i r\u00e0pida. Qu\u00e8 cal saber per llogar una consigna? Com es paga? Quan es rebr\u00e0 l\u2019assignaci\u00f3 de la consigna? A qui dirigir-se en cas de incid\u00e8ncia?<\/p>\n","protected":false},"author":1,"featured_media":0,"parent":0,"menu_order":0,"comment_status":"closed","ping_status":"closed","template":"","meta":{"_uag_custom_page_level_css":"","site-sidebar-layout":"no-sidebar","site-content-layout":"plain-container","ast-site-content-layout":"full-width-container","site-content-style":"unboxed","site-sidebar-style":"unboxed","ast-global-header-display":"","ast-banner-title-visibility":"","ast-main-header-display":"","ast-hfb-above-header-display":"","ast-hfb-below-header-display":"","ast-hfb-mobile-header-display":"","site-post-title":"disabled","ast-breadcrumbs-content":"","ast-featured-img":"disabled","footer-sml-layout":"","theme-transparent-header-meta":"enabled","adv-header-id-meta":"","stick-header-meta":"","header-above-stick-meta":"","header-main-stick-meta":"","header-below-stick-meta":"","astra-migrate-meta-layouts":"set","ast-page-background-enabled":"default","ast-page-background-meta":{"desktop":{"background-color":"","background-image":"","background-repeat":"repeat","background-position":"center center","background-size":"auto","background-attachment":"scroll","background-type":"","background-media":"","overlay-type":"","overlay-color":"","overlay-opacity":"","overlay-gradient":""},"tablet":{"background-color":"","background-image":"","background-repeat":"repeat","background-position":"center center","background-size":"auto","background-attachment":"scroll","background-type":"","background-media":"","overlay-type":"","overlay-color":"","overlay-opacity":"","overlay-gradient":""},"mobile":{"background-color":"","background-image":"","background-repeat":"repeat","background-position":"center center","background-size":"auto","background-attachment":"scroll","background-type":"","background-media":"","overlay-type":"","overlay-color":"","overlay-opacity":"","overlay-gradient":""}},"ast-content-background-meta":{"desktop":{"background-color":"var(--ast-global-color-5)","background-image":"","background-repeat":"repeat","background-position":"center center","background-size":"auto","background-attachment":"scroll","background-type":"","background-media":"","overlay-type":"","overlay-color":"","overlay-opacity":"","overlay-gradient":""},"tablet":{"background-color":"var(--ast-global-color-5)","background-image":"","background-repeat":"repeat","background-position":"center center","background-size":"auto","background-attachment":"scroll","background-type":"","background-media":"","overlay-type":"","overlay-color":"","overlay-opacity":"","overlay-gradient":""},"mobile":{"background-color":"var(--ast-global-color-5)","background-image":"","background-repeat":"repeat","background-position":"center center","background-size":"auto","background-attachment":"scroll","background-type":"","background-media":"","overlay-type":"","overlay-color":"","overlay-opacity":"","overlay-gradient":""}},"footnotes":""},"class_list":["post-5276","page","type-page","status-publish","hentry"],"uagb_featured_image_src":{"full":false,"thumbnail":false,"medium":false,"medium_large":false,"large":false,"1536x1536":false,"2048x2048":false,"woocommerce_thumbnail":false,"woocommerce_single":false,"woocommerce_gallery_thumbnail":false},"uagb_author_info":{"display_name":"AMPA Escola Industrial","author_link":"https:\/\/ampaindustrial.org\/inscripcions\/author\/adminbotiga\/"},"uagb_comment_info":0,"uagb_excerpt":"Des d\u2019aquesta p\u00e0gina pots fer-te soci de l\u2019AFA i gestionar el lloguer de consignes de manera f\u00e0cil i r\u00e0pida. Qu\u00e8 cal saber per llogar una consigna? Com es paga? Quan es rebr\u00e0 l\u2019assignaci\u00f3 de la consigna? A qui dirigir-se en cas de incid\u00e8ncia?","jetpack_sharing_enabled":true,"_links":{"self":[{"href":"https:\/\/ampaindustrial.org\/inscripcions\/wp-json\/wp\/v2\/pages\/5276","targetHints":{"allow":["GET"]}}],"collection":[{"href":"https:\/\/ampaindustrial.org\/inscripcions\/wp-json\/wp\/v2\/pages"}],"about":[{"href":"https:\/\/ampaindustrial.org\/inscripcions\/wp-json\/wp\/v2\/types\/page"}],"author":[{"embeddable":true,"href":"https:\/\/ampaindustrial.org\/inscripcions\/wp-json\/wp\/v2\/users\/1"}],"replies":[{"embeddable":true,"href":"https:\/\/ampaindustrial.org\/inscripcions\/wp-json\/wp\/v2\/comments?post=5276"}],"version-history":[{"count":75,"href":"https:\/\/ampaindustrial.org\/inscripcions\/wp-json\/wp\/v2\/pages\/5276\/revisions"}],"predecessor-version":[{"id":5893,"href":"https:\/\/ampaindustrial.org\/inscripcions\/wp-json\/wp\/v2\/pages\/5276\/revisions\/5893"}],"wp:attachment":[{"href":"https:\/\/ampaindustrial.org\/inscripcions\/wp-json\/wp\/v2\/media?parent=5276"}],"curies":[{"name":"wp","href":"https:\/\/api.w.org\/{rel}","templated":true}]}}